{"id":13763,"date":"2022-03-07T23:10:00","date_gmt":"2022-03-07T22:10:00","guid":{"rendered":"http:\/\/batifix-dz.com\/?page_id=13763"},"modified":"2022-03-07T23:12:30","modified_gmt":"2022-03-07T22:12:30","slug":"chicago-metallic","status":"publish","type":"page","link":"https:\/\/batifix-dz.com\/index.php\/services\/chicago-metallic\/","title":{"rendered":"Ossature Chicago Metallic"},"content":{"rendered":"\n\n\n<figure class=\"wp-block-image size-full\"><img loading=\"lazy\" decoding=\"async\" width=\"1024\" height=\"576\" src=\"https:\/\/batifix-dz.com\/wp-content\/uploads\/2022\/03\/2500x1406-chicago-metallic-monolithic-1024x576-3.jpg\" alt=\"\" class=\"wp-image-13765\" srcset=\"https:\/\/batifix-dz.com\/wp-content\/uploads\/2022\/03\/2500x1406-chicago-metallic-monolithic-1024x576-3.jpg 1024w, https:\/\/batifix-dz.com\/wp-content\/uploads\/2022\/03\/2500x1406-chicago-metallic-monolithic-1024x576-3-768x432.jpg 768w\" sizes=\"auto, (max-width: 1024px) 100vw, 1024px\" \/><\/figure>\n\n\n\n<p><\/p>\n\n\n\n<h2 class=\"wp-block-heading\"><strong><em>Chicago Metallic\u2122 T24<\/em><\/strong><\/h2>\n\n\n\n<p><strong><em>Une ossature solide et stable qui facilite les d\u00e9montages fr\u00e9quents<\/em><\/strong><\/p>\n\n\n\n<p><strong><em>R\u00e9sistant au feu conform\u00e9ment aux r\u00e8glements nationaux et Europ\u00e9ens<\/em><\/strong><\/p>\n\n\n\n<p><strong><em>Hauteur totale de 38 mm pour une meilleure capacit\u00e9 de charge et compatibilit\u00e9 avec les diff\u00e9rents accessoires et d\u2019autres syst\u00e8mes de suspension Chicago Metallic\u00ae<\/em><\/strong><\/p>\n\n\n\n<p><\/p>\n\n\n\n<figure class=\"wp-block-image size-full\"><img loading=\"lazy\" decoding=\"async\" width=\"1024\" height=\"576\" src=\"https:\/\/batifix-dz.com\/wp-content\/uploads\/2022\/03\/2500x1406px_cm-t24-hook-850-1024x576-2.jpg\" alt=\"\" class=\"wp-image-13766\" srcset=\"https:\/\/batifix-dz.com\/wp-content\/uploads\/2022\/03\/2500x1406px_cm-t24-hook-850-1024x576-2.jpg 1024w, https:\/\/batifix-dz.com\/wp-content\/uploads\/2022\/03\/2500x1406px_cm-t24-hook-850-1024x576-2-768x432.jpg 768w\" sizes=\"auto, (max-width: 1024px) 100vw, 1024px\" \/><\/figure>\n\n\n\n<p><\/p>\n\n\n\n<p><strong><em>Ossature T24 \u00e0 crochet avec profil porteur et entretoises \u00e0 semelle \u00e0 coupe droite<\/em><\/strong><\/p>\n\n\n\n<h2 class=\"wp-block-heading\"><strong><em>Chicago Metallic\u2122 T15 Hook 7500<\/em><\/strong><\/h2>\n\n\n\n<p><strong><em>Ossature T15 \u00e0 crochet avec profil porteur et entretoises \u00e0 semelle \u00e0 coupe droite<\/em><\/strong><\/p>\n\n\n\n<p><\/p>\n\n\n\n<figure class=\"wp-block-image size-full\"><img loading=\"lazy\" decoding=\"async\" width=\"1024\" height=\"576\" src=\"https:\/\/batifix-dz.com\/wp-content\/uploads\/2022\/03\/2500x1406px_cm-t15-hook-7500-1024x576-3.jpg\" alt=\"\" class=\"wp-image-13768\" srcset=\"https:\/\/batifix-dz.com\/wp-content\/uploads\/2022\/03\/2500x1406px_cm-t15-hook-7500-1024x576-3.jpg 1024w, https:\/\/batifix-dz.com\/wp-content\/uploads\/2022\/03\/2500x1406px_cm-t15-hook-7500-1024x576-3-768x432.jpg 768w\" sizes=\"auto, (max-width: 1024px) 100vw, 1024px\" \/><\/figure>\n\n\n\n<p><\/p>\n\n\n\n<p><strong><em>Utilis\u00e9e pour cr\u00e9er des lignes d\u2019ossature plus discr\u00e8tes dans le plafond<\/em><\/strong><\/p>\n\n\n\n<p><strong><em>Hauteur totale de 38 mm pour une meilleure capacit\u00e9 de charge et compatibilit\u00e9 avec les diff\u00e9rents accessoires et d\u2019autres syst\u00e8mes de suspension Chicago Metallic\u00ae<\/em><\/strong><\/p>\n","protected":false},"excerpt":{"rendered":"<p>Chicago Metallic\u2122 T24 Une ossature solide et stable qui facilite les d\u00e9montages fr\u00e9quents R\u00e9sistant au feu conform\u00e9ment aux r\u00e8glements nationaux et Europ\u00e9ens Hauteur totale de 38 mm pour une meilleure [&hellip;]<\/p>\n","protected":false},"author":1,"featured_media":0,"parent":3124,"menu_order":0,"comment_status":"closed","ping_status":"closed","template":"","meta":{"footnotes":""},"class_list":["post-13763","page","type-page","status-publish","hentry"],"_links":{"self":[{"href":"https:\/\/batifix-dz.com\/index.php\/wp-json\/wp\/v2\/pages\/13763","targetHints":{"allow":["GET"]}}],"collection":[{"href":"https:\/\/batifix-dz.com\/index.php\/wp-json\/wp\/v2\/pages"}],"about":[{"href":"https:\/\/batifix-dz.com\/index.php\/wp-json\/wp\/v2\/types\/page"}],"author":[{"embeddable":true,"href":"https:\/\/batifix-dz.com\/index.php\/wp-json\/wp\/v2\/users\/1"}],"replies":[{"embeddable":true,"href":"https:\/\/batifix-dz.com\/index.php\/wp-json\/wp\/v2\/comments?post=13763"}],"version-history":[{"count":2,"href":"https:\/\/batifix-dz.com\/index.php\/wp-json\/wp\/v2\/pages\/13763\/revisions"}],"predecessor-version":[{"id":13769,"href":"https:\/\/batifix-dz.com\/index.php\/wp-json\/wp\/v2\/pages\/13763\/revisions\/13769"}],"up":[{"embeddable":true,"href":"https:\/\/batifix-dz.com\/index.php\/wp-json\/wp\/v2\/pages\/3124"}],"wp:attachment":[{"href":"https:\/\/batifix-dz.com\/index.php\/wp-json\/wp\/v2\/media?parent=13763"}],"curies":[{"name":"wp","href":"https:\/\/api.w.org\/{rel}","templated":true}]}}