{"id":13719,"date":"2022-03-07T21:38:03","date_gmt":"2022-03-07T20:38:03","guid":{"rendered":"http:\/\/batifix-dz.com\/?page_id=13719"},"modified":"2022-03-07T21:51:47","modified_gmt":"2022-03-07T20:51:47","slug":"fiche-technique","status":"publish","type":"page","link":"https:\/\/batifix-dz.com\/index.php\/services\/fiche-technique\/","title":{"rendered":"Fiche Technique &#038; Catalogue \u00e0 T\u00e9l\u00e9charger"},"content":{"rendered":"\n<h1 class=\"has-text-align-center wp-block-heading\"><\/h1>\n\n\n\n<p><\/p>\n\n\n\n<div class=\"wp-block-image\"><figure class=\"alignleft size-full\"><img loading=\"lazy\" decoding=\"async\" width=\"300\" height=\"213\" src=\"https:\/\/batifix-dz.com\/wp-content\/uploads\/2022\/03\/9561_preview-3-300x213-1.jpg\" alt=\"\" class=\"wp-image-13724\"\/><figcaption><a href=\"https:\/\/batifix-dz.com\/wp-content\/uploads\/2019\/04\/offre-de-service-batifix-algerie-4.pdf\"><strong><em>offre de service BATIFIX ALGERIE Download<\/em><\/strong><\/a><br><\/figcaption><\/figure><\/div>\n\n\n\n<p><\/p>\n\n\n\n<p><\/p>\n\n\n\n<div class=\"wp-block-image\"><figure class=\"alignleft size-full is-resized\"><img loading=\"lazy\" decoding=\"async\" src=\"https:\/\/batifix-dz.com\/wp-content\/uploads\/2022\/03\/ecran_Photo_32904-1-1.jpg\" alt=\"\" class=\"wp-image-13723\" width=\"372\" height=\"203\"\/><figcaption><a href=\"https:\/\/batifix-dz.com\/wp-content\/uploads\/2019\/04\/CAVALIER-PIVOT-fiche1-3.pdf\"><strong><em>CAVALIER PIVOT FICHE TECHNIQUE Download<\/em><\/strong><\/a><br><\/figcaption><\/figure><\/div>\n\n\n\n<p><\/p>\n\n\n\n<div class=\"wp-block-image\"><figure class=\"alignleft size-full\"><img loading=\"lazy\" decoding=\"async\" width=\"300\" height=\"214\" src=\"https:\/\/batifix-dz.com\/wp-content\/uploads\/2022\/03\/14134-2-300x214-1.jpg\" alt=\"\" class=\"wp-image-13725\"\/><figcaption><a href=\"https:\/\/batifix-dz.com\/wp-content\/uploads\/2019\/04\/raccord-fourrure-fiche-technique-1.pdf\"><strong><em>raccord fourrure fiche technique Download<\/em><\/strong><\/a><\/figcaption><\/figure><\/div>\n\n\n\n<p><\/p>\n\n\n\n<div class=\"wp-block-image\"><figure class=\"alignleft size-full\"><img loading=\"lazy\" decoding=\"async\" width=\"300\" height=\"300\" src=\"https:\/\/batifix-dz.com\/wp-content\/uploads\/2022\/03\/669298_1-4-300x300-2.jpg\" alt=\"\" class=\"wp-image-13726\" srcset=\"https:\/\/batifix-dz.com\/wp-content\/uploads\/2022\/03\/669298_1-4-300x300-2.jpg 300w, https:\/\/batifix-dz.com\/wp-content\/uploads\/2022\/03\/669298_1-4-300x300-2-180x180.jpg 180w\" sizes=\"auto, (max-width: 300px) 100vw, 300px\" \/><figcaption><a href=\"https:\/\/batifix-dz.com\/wp-content\/uploads\/2019\/04\/SUSPENTE-FICHE-TECHNIQUE.pdf\"><strong><em>SUSPENTE FICHE TECHNIQUE Download<\/em><\/strong><\/a><br><\/figcaption><\/figure><\/div>\n\n\n\n<p><\/p>\n\n\n\n<div class=\"wp-block-image\"><figure class=\"alignleft size-full\"><img loading=\"lazy\" decoding=\"async\" width=\"300\" height=\"300\" src=\"https:\/\/batifix-dz.com\/wp-content\/uploads\/2022\/03\/4369921-300x300-1.jpg\" alt=\"\" class=\"wp-image-13727\" srcset=\"https:\/\/batifix-dz.com\/wp-content\/uploads\/2022\/03\/4369921-300x300-1.jpg 300w, https:\/\/batifix-dz.com\/wp-content\/uploads\/2022\/03\/4369921-300x300-1-180x180.jpg 180w\" sizes=\"auto, (max-width: 300px) 100vw, 300px\" \/><figcaption><a href=\"https:\/\/batifix-dz.com\/wp-content\/uploads\/2019\/04\/ressort-zingu%C3%A9.pdf\"><strong><em>RESSORT ZINGUE FICHE TECHNIQUE Download<\/em><\/strong><\/a><\/figcaption><\/figure><\/div>\n\n\n\n<p><\/p>\n\n\n\n<div class=\"wp-block-image\"><figure class=\"alignleft size-full\"><img loading=\"lazy\" decoding=\"async\" width=\"243\" height=\"300\" src=\"https:\/\/batifix-dz.com\/wp-content\/uploads\/2022\/03\/tigelissecoudee-243x300-2.jpg\" alt=\"\" class=\"wp-image-13728\"\/><figcaption><a href=\"https:\/\/batifix-dz.com\/wp-content\/uploads\/2019\/04\/TIGE-LISSE-FICHE-TECHNIQUE.pdf\"><strong><em>TIGE LISSE FICHE TECHNIQUE Download<\/em><\/strong><\/a><\/figcaption><\/figure><\/div>\n\n\n\n<p><\/p>\n\n\n\n<div class=\"wp-block-image\"><figure class=\"alignleft size-full is-resized\"><img loading=\"lazy\" decoding=\"async\" src=\"https:\/\/batifix-dz.com\/wp-content\/uploads\/2022\/03\/Capture-1.jpg\" alt=\"\" class=\"wp-image-13729\" width=\"290\" height=\"218\"\/><figcaption><a href=\"https:\/\/batifix-dz.com\/wp-content\/uploads\/2019\/05\/ATTACHE-OMEGA-fiche-technique-1.pdf\"><strong><em>ATTACHE OMEGA fiche technique (1) Download<\/em><\/strong><\/a><\/figcaption><\/figure><\/div>\n","protected":false},"excerpt":{"rendered":"","protected":false},"author":1,"featured_media":0,"parent":3124,"menu_order":0,"comment_status":"closed","ping_status":"closed","template":"","meta":{"footnotes":""},"class_list":["post-13719","page","type-page","status-publish","hentry"],"_links":{"self":[{"href":"https:\/\/batifix-dz.com\/index.php\/wp-json\/wp\/v2\/pages\/13719","targetHints":{"allow":["GET"]}}],"collection":[{"href":"https:\/\/batifix-dz.com\/index.php\/wp-json\/wp\/v2\/pages"}],"about":[{"href":"https:\/\/batifix-dz.com\/index.php\/wp-json\/wp\/v2\/types\/page"}],"author":[{"embeddable":true,"href":"https:\/\/batifix-dz.com\/index.php\/wp-json\/wp\/v2\/users\/1"}],"replies":[{"embeddable":true,"href":"https:\/\/batifix-dz.com\/index.php\/wp-json\/wp\/v2\/comments?post=13719"}],"version-history":[{"count":5,"href":"https:\/\/batifix-dz.com\/index.php\/wp-json\/wp\/v2\/pages\/13719\/revisions"}],"predecessor-version":[{"id":13733,"href":"https:\/\/batifix-dz.com\/index.php\/wp-json\/wp\/v2\/pages\/13719\/revisions\/13733"}],"up":[{"embeddable":true,"href":"https:\/\/batifix-dz.com\/index.php\/wp-json\/wp\/v2\/pages\/3124"}],"wp:attachment":[{"href":"https:\/\/batifix-dz.com\/index.php\/wp-json\/wp\/v2\/media?parent=13719"}],"curies":[{"name":"wp","href":"https:\/\/api.w.org\/{rel}","templated":true}]}}