{"id":11856,"date":"2021-05-12T04:18:10","date_gmt":"2021-05-12T03:18:10","guid":{"rendered":"https:\/\/www.gavias-theme.com\/wp\/inusti\/?page_id=11856"},"modified":"2022-03-06T22:34:22","modified_gmt":"2022-03-06T21:34:22","slug":"isolation-thermique-et-phonique","status":"publish","type":"page","link":"https:\/\/batifix-dz.com\/index.php\/services\/isolation-thermique-et-phonique\/","title":{"rendered":"Isolation Thermique et Phonique &#8211; Rockwool"},"content":{"rendered":"\t\t<div data-elementor-type=\"wp-page\" data-elementor-id=\"11856\" class=\"elementor elementor-11856\" data-elementor-settings=\"[]\">\n\t\t\t\t\t\t\t<div class=\"elementor-section-wrap\">\n\t\t\t\t\t\t\t<section class=\"elementor-section elementor-top-section elementor-element elementor-element-3496ff88 elementor-section-content-middle elementor-section-boxed elementor-section-height-default elementor-section-height-default\" data-id=\"3496ff88\" data-element_type=\"section\">\n\t\t\t\t\t\t<div class=\"elementor-container elementor-column-gap-default\">\n\t\t\t\t\t<div class=\"elementor-column elementor-col-100 elementor-top-column elementor-element elementor-element-41dee73b top column-style-top\" data-id=\"41dee73b\" data-element_type=\"column\">\n\t\t\t<div class=\"elementor-widget-wrap elementor-element-populated\">\n\t\t\t\t\t\t\t\t<div class=\"elementor-element elementor-element-4309a24 elementor-widget elementor-widget-text-editor\" data-id=\"4309a24\" data-element_type=\"widget\" data-widget_type=\"text-editor.default\">\n\t\t\t\t<div class=\"elementor-widget-container\">\n\t\t\t<style>\/*! elementor - v3.5.6 - 28-02-2022 *\/\n.elementor-widget-text-editor.elementor-drop-cap-view-stacked .elementor-drop-cap{background-color:#818a91;color:#fff}.elementor-widget-text-editor.elementor-drop-cap-view-framed .elementor-drop-cap{color:#818a91;border:3px solid;background-color:transparent}.elementor-widget-text-editor:not(.elementor-drop-cap-view-default) .elementor-drop-cap{margin-top:8px}.elementor-widget-text-editor:not(.elementor-drop-cap-view-default) .elementor-drop-cap-letter{width:1em;height:1em}.elementor-widget-text-editor .elementor-drop-cap{float:left;text-align:center;line-height:1;font-size:50px}.elementor-widget-text-editor .elementor-drop-cap-letter{display:inline-block}<\/style>\t\t\t\t<!-- wp:paragraph -->\n<p>\u00a0<\/p>\n<!-- \/wp:paragraph --><!-- wp:paragraph -->\n<p>\u00a0<\/p>\n<!-- \/wp:paragraph -->\n<p><img loading=\"lazy\" decoding=\"async\" class=\"size-medium wp-image-13270 aligncenter\" src=\"https:\/\/batifix-dz.com\/wp-content\/uploads\/2022\/03\/50218012_534561110378393_8415255896954765312_n-2-1-587x600.jpg\" alt=\"\" width=\"587\" height=\"600\" \/><\/p>\n<p>\u00a0<\/p>\n<ul>\n<li style=\"font-weight: 400;\" aria-level=\"1\"><a href=\"https:\/\/static.rockwool.com\/globalassets\/rockwool-fr\/documentations\/catalogues-tarifs--qualite-de-service\/a-catalogues-batiments-residentiels\/rockwool_catalogue_hvac_2017_201705.pdf\"><i><span style=\"font-weight: 400;\">Catalogue<\/span><\/i><span style=\"font-weight: 400;\"> produits HVAC ROCKWOOL <\/span><\/a><i><span style=\"font-weight: 400;\">catalogue<\/span><\/i><span style=\"font-weight: 400;\"> Public 2017 isolation des installations techniques dans les b\u00e2timents www.batifix-dz.com: certaines \u00e9paisseurs peuvent ne pas \u00eatre en <\/span><i><span style=\"font-weight: 400;\">catalogue<\/span><\/i><span style=\"font-weight: 400;\">. Par ailleurs, la temp\u00e9rature maximale de service <\/span><strong><a href=\"https:\/\/static.rockwool.com\/globalassets\/rockwool-fr\/documentations\/catalogues-tarifs--qualite-de-service\/a-catalogues-batiments-residentiels\/rockwool_catalogue_hvac_2017_201705.pdf\">DOWNLOAD<\/a><\/strong><\/li>\n<li style=\"font-weight: 400;\" aria-level=\"1\"><a href=\"https:\/\/static.rockwool.com\/globalassets\/rockwool-fr\/documentations\/catalogues-tarifs--qualite-de-service\/f--catalogues-formations-rockwool-campus\/rockwool_catalogue_formations_campus_2017_201706.pdf\"><i><span style=\"font-weight: 400;\">Catalogue<\/span><\/i><span style=\"font-weight: 400;\"> formations ROCKWOOL CAMPUS mise<\/span><\/a><span style=\"font-weight: 400;\"> \u00e0 jour juin 2017 \u2026 votre probl\u00e9matique ne figure pas dans ce <\/span><i><span style=\"font-weight: 400;\">catalogue<\/span><\/i><span style=\"font-weight: 400;\">, nous pouvons r\u00e9aliser un module sur-mesure <\/span><strong><a href=\"https:\/\/static.rockwool.com\/globalassets\/rockwool-fr\/documentations\/catalogues-tarifs--qualite-de-service\/f--catalogues-formations-rockwool-campus\/rockwool_catalogue_formations_campus_2017_201706.pdf\">DOWNLOAD<\/a><\/strong><\/li>\n<li style=\"font-weight: 400;\" aria-level=\"1\"><a href=\"https:\/\/static.rockwool.com\/globalassets\/rockwool-fr\/documentations\/catalogues-tarifs--qualite-de-service\/b-catalogues-batiments-non-residentiels\/rockwool_les_essentiels_2018_201803.pdf\"><i><span style=\"font-weight: 400;\">Catalogue<\/span><\/i><span style=\"font-weight: 400;\"> ROCKWOOL Les Essentiels <\/span><\/a><span style=\"font-weight: 400;\">mise \u00e0 jour mars 2018 <\/span><strong><a href=\"https:\/\/static.rockwool.com\/globalassets\/rockwool-fr\/documentations\/catalogues-tarifs--qualite-de-service\/b-catalogues-batiments-non-residentiels\/rockwool_les_essentiels_2018_201803.pdf\">DOWNLOAD<\/a><\/strong><\/li>\n<li style=\"font-weight: 400;\" aria-level=\"1\"><a href=\"https:\/\/static.rockwool.com\/globalassets\/rockwool-fr\/documentations\/catalogues-tarifs--qualite-de-service\/b-catalogues-batiments-non-residentiels\/rockwool_catalogue_produits_hvac_201705.pdf\"><i><span style=\"font-weight: 400;\">Catalogue<\/span><\/i><span style=\"font-weight: 400;\"> produits HVAC ROCKWOOL <\/span><\/a><i><span style=\"font-weight: 400;\">catalogue<\/span><\/i><span style=\"font-weight: 400;\"> Public 2017 isolation des installations techniques dans les b\u00e2timents www.batifix-dz.com\u2026 : certaines \u00e9paisseurs peuvent ne pas \u00eatre en <\/span><i><span style=\"font-weight: 400;\">catalogue<\/span><\/i><span style=\"font-weight: 400;\">. Par ailleurs, la temp\u00e9rature maximale de service <\/span><strong><a href=\"https:\/\/static.rockwool.com\/globalassets\/rockwool-fr\/documentations\/catalogues-tarifs--qualite-de-service\/b-catalogues-batiments-non-residentiels\/rockwool_catalogue_produits_hvac_201705.pdf\">DOWNLOAD<\/a><\/strong><\/li>\n<li style=\"font-weight: 400;\" aria-level=\"1\"><a href=\"https:\/\/static.rockwool.com\/globalassets\/rockwool-fr\/documentations\/catalogues-tarifs--qualite-de-service\/a-catalogues-batiments-residentiels\/rockwool_catalogue_produits_batiment_201702.pdf\"><i><span style=\"font-weight: 400;\">Catalogue<\/span><\/i><span style=\"font-weight: 400;\"> produits B\u00c2TIMENT ROCKWOOL <\/span><\/a><span style=\"font-weight: 400;\">longue 2 01 7 Be part of the solution <\/span><i><span style=\"font-weight: 400;\">Catalogue<\/span><\/i><span style=\"font-weight: 400;\"> produits 2017<\/span><span style=\"font-weight: 400;\"><br \/><\/span><span style=\"font-weight: 400;\">www.batifix-dz.com ANTI-F EU 2 \u2026 activit\u00e9 21 Pour en savoir plus : \u27a2 Dans ce <\/span><i><span style=\"font-weight: 400;\">catalogue<\/span><\/i><span style=\"font-weight: 400;\">, la r\u00e9action au feu intrins\u00e8que de chaque r\u00e9f\u00e9rence <\/span><a href=\"https:\/\/static.rockwool.com\/globalassets\/rockwool-fr\/documentations\/catalogues-tarifs--qualite-de-service\/a-catalogues-batiments-residentiels\/rockwool_catalogue_produits_batiment_201702.pdf\"><span style=\"font-weight: 400;\"><strong>DOWNLOAD<\/strong><\/span><\/a><\/li>\n<li style=\"font-weight: 400;\" aria-level=\"1\"><a href=\"https:\/\/static.rockwool.com\/globalassets\/rockwool-fr\/documentations\/catalogues-tarifs--qualite-de-service\/c-catalogues-export\/rockwool_catalogue_export_fr_201403.pdf\"><i><span style=\"font-weight: 400;\">Catalogue<\/span><\/i><span style=\"font-weight: 400;\"> EXPORT &#8211; FR Catalogue<\/span><\/a><span style=\"font-weight: 400;\"> Export solutions d\u2019isolation en laine de roche rockwool France s.a.s. 111, rue du Ch\u00e2teau \u2026 m\u00e9tropole camion tautliner Voir conditionnement sur <\/span><i><span style=\"font-weight: 400;\">catalogue<\/span><\/i><span style=\"font-weight: 400;\"> camion complet 5 jours ouvr\u00e9s \u2013 autres quantit\u00e9s <\/span><strong><a href=\"https:\/\/static.rockwool.com\/globalassets\/rockwool-fr\/documentations\/catalogues-tarifs--qualite-de-service\/c-catalogues-export\/rockwool_catalogue_export_fr_201403.pdf\">DOWNLOAD<\/a><\/strong><\/li>\n<li style=\"font-weight: 400;\" aria-level=\"1\"><a href=\"https:\/\/static.rockwool.com\/globalassets\/rockwool-fr\/documentations\/catalogues-tarifs--qualite-de-service\/c-catalogues-export\/rockwool_catalogue_export_gb_201404.pdf\"><i><span style=\"font-weight: 400;\">Catalogue<\/span><\/i><span style=\"font-weight: 400;\"> EXPORT \u2013 GB <\/span><\/a><span style=\"font-weight: 400;\">Export <\/span><i><span style=\"font-weight: 400;\">Catalogue<\/span><\/i><span style=\"font-weight: 400;\"> STONE wOOl INSULATION SOLUTIONS rOckwOOl France S.a.S. 111, rue du Ch\u00e2teau des \u2026 Mainland France tautliner lorry see packing in <\/span><i><span style=\"font-weight: 400;\">catalogue<\/span><\/i><span style=\"font-weight: 400;\"> complete lorry 5 working days \u2013 other quantities: <\/span><strong><a href=\"https:\/\/static.rockwool.com\/globalassets\/rockwool-fr\/documentations\/catalogues-tarifs--qualite-de-service\/c-catalogues-export\/rockwool_catalogue_export_gb_201404.pdf\">DOWNLOAD<\/a><\/strong><\/li>\n<li style=\"font-weight: 400;\" aria-level=\"1\"><a href=\"https:\/\/static.rockwool.com\/globalassets\/rockwool-fr\/documentations\/docs-par-applications\/e-facades-sous-enduit\/rockwool_catalogue_produits_redart_201607.pdf\"><i><span style=\"font-weight: 400;\">Catalogue<\/span><\/i><span style=\"font-weight: 400;\"> produits ROCKWOOL REDART\u00ae <\/span><\/a><span style=\"font-weight: 400;\">mise \u00e0 jour juillet 2016 \u2026 <\/span><i><span style=\"font-weight: 400;\">Catalogue<\/span><\/i><span style=\"font-weight: 400;\"> Produits ISOLATION THERMIQUE PAR L&rsquo;EXT\u00c9RIEUR SOUS ENDUIT Sommaire REDArt TM est un nouveau <\/span><strong><a href=\"https:\/\/static.rockwool.com\/globalassets\/rockwool-fr\/documentations\/docs-par-applications\/e-facades-sous-enduit\/rockwool_catalogue_produits_redart_201607.pdf\">DOWNLOAD<\/a><\/strong><\/li>\n<li style=\"font-weight: 400;\" aria-level=\"1\"><a href=\"https:\/\/static.rockwool.com\/globalassets\/rockwool-fr\/documentations\/catalogues-tarifs--qualite-de-service\/a-catalogues-batiments-residentiels\/rockwool_catalogue_isolation_des_facades_201704.pdf\"><i><span style=\"font-weight: 400;\">Catalogue<\/span><\/i><span style=\"font-weight: 400;\"> ROCKWOOL Isolation des fa\u00e7ades <\/span><\/a><span style=\"font-weight: 400;\">mise \u00e0 jour avril 2017 <\/span><strong><a href=\"https:\/\/static.rockwool.com\/globalassets\/rockwool-fr\/documentations\/catalogues-tarifs--qualite-de-service\/a-catalogues-batiments-residentiels\/rockwool_catalogue_isolation_des_facades_201704.pdf\">DOWNLOAD<\/a><\/strong><\/li>\n<li aria-level=\"1\"><a href=\"https:\/\/static.rockwool.com\/globalassets\/rockwool-fr\/documentations\/catalogues-tarifs--qualite-de-service\/b-catalogues-batiments-non-residentiels\/rockwool_catalogue_isolation_des_facades_201704.pdf\"><i><span style=\"font-weight: 400;\">Catalogue<\/span><\/i><span style=\"font-weight: 400;\"> ROCKWOOL Isolation des fa\u00e7ades <\/span><\/a><span style=\"font-weight: 400;\">mise \u00e0 jour avril 2017 <\/span><strong><a href=\"https:\/\/static.rockwool.com\/globalassets\/rockwool-fr\/documentations\/catalogues-tarifs--qualite-de-service\/b-catalogues-batiments-non-residentiels\/rockwool_catalogue_isolation_des_facades_201704.pdf\">DOWNLOAD<\/a><\/strong><\/li>\n<\/ul>\n<p>\u00a0<\/p>\n<p><iframe loading=\"lazy\" title=\"ROCKWOOL Thermal &amp; Sound insulation\" width=\"900\" height=\"506\" src=\"https:\/\/www.youtube.com\/embed\/u0BYRb6MHBM?feature=oembed\" frameborder=\"0\" allow=\"accelerometer; autoplay; clipboard-write; encrypted-media; gyroscope; picture-in-picture\" allowfullscreen><\/iframe><\/p>\n<p>\u00a0<\/p>\n<p>\u00a0<\/p>\n<p><span style=\"font-weight: 400;\">Pour la pr\u00e9paration du chantier, il est conseill\u00e9 de rep\u00e9rer le niveau d\u2019isolation souhait\u00e9 en tra\u00e7ant le niveau \u00e0 obtenir sur les fermettes et murs pignons. Les sacs doivent \u00eatre mont\u00e9s dans le comble au fur et \u00e0 mesure et plac\u00e9s sur un support rigide et r\u00e9sistant (exemple : dalle de plancher clou\u00e9e sur les fermettes). En aucun cas, les sacs ne doivent \u00eatre pos\u00e9s sur un plafond l\u00e9ger.<\/span><\/p>\n<p><span style=\"font-weight: 400;\">Les sacs doivent \u00eatre ouverts sur cette zone de travail. Il est n\u00e9cessaire de v\u00e9rifier l\u2019\u00e9tat du plancher et son aptitude \u00e0 supporter le poids de l\u2019isolation (en particuliers pour les plafonds non porteur, plaque de pl\u00e2tre, etc.). Cette technique ne n\u00e9cessite qu\u2019une seule personne dans la mesure o\u00f9 elle peut porter les sacs de 25 kg.POSE DE L\u2019ISOLANT<\/span><\/p>\n<p><span style=\"font-weight: 400;\">L\u2019isolant doit \u00eatre plac\u00e9 entre les fermettes ou sur le sol plan \u00e0 la pelle puis nivel\u00e9 au r\u00e2teau afin d\u2019atteindre l\u2019\u00e9paisseur souhait\u00e9e. L\u2019isolant ne doit pas \u00eatre comprim\u00e9. Sa densit\u00e9 d\u2019application correspond \u00e0 la densit\u00e9 naturelle de mise en \u0153uvre par cette technique. Dans le cas d\u2019un plafond l\u00e9ger, veiller \u00e0 ne pas cr\u00e9er de surcharge sur le plafond. Le produit LE FLOCON 2 ne doit en aucun cas \u00eatre souffl\u00e9 \u00e0 la machine sous peine de d\u00e9t\u00e9riorer celle-ci et de ne pas obtenir l\u2019isolation souhait\u00e9e.<\/span><\/p>\n<p><b>Isolation de la trappe d\u2019acc\u00e8s<\/b><\/p>\n<p><span style=\"font-weight: 400;\">La trappe d\u2019acc\u00e8s au comble perdu doit \u00eatre isol\u00e9e en ins\u00e9rant un panneau d\u2019isolant d\u00e9coup\u00e9 selon la forme de la trappe (type ROCKMUR). La p\u00e9riph\u00e9rie de la trappe d\u2019acc\u00e8s doit \u00eatre munie d\u2019un joint en caoutchouc ou \u00e9quivalent pour assurer l\u2019\u00e9tanch\u00e9it\u00e9 \u00e0 l\u2019air. La r\u00e9sistance thermique de l\u2019isolant mis en \u0153uvre sur la trappe doit \u00eatre \u00e9gale \u00e0 celle du reste du comble si elle est situ\u00e9e au-dessus d\u2019une pi\u00e8ce chauff\u00e9e.<\/span><\/p>\n<p><b>Cas particulier de la pose d\u2019un plancher dans le comble perdu pour y stocker des objets ou faciliter les d\u00e9placements \u00e9ventuels<\/b><\/p>\n<p><span style=\"font-weight: 400;\">Lorsqu\u2019une surface de r\u00e9partition partielle ou totale (plancher sur solives, panneaux de particules, chemin de circulation, etc.) est plac\u00e9e au-dessus de l\u2019isolation, il y a risque de condensation, en particulier en sous-face de cette surface si sa perm\u00e9ance est faible vis-\u00e0-vis des perm\u00e9ances des couches inf\u00e9rieures constitu\u00e9es par le plancher avant isolation (plafond de l\u2019\u00e9tage inf\u00e9rieur) et l\u2019isolation. Une feuille pare-vapeur doit \u00eatre pos\u00e9e sur le plafond avant la mise en \u0153uvre de l\u2019isolation et une ventilation de 2 cm doit \u00eatre respect\u00e9e entre l\u2019isolant et la sous-face du plancher.<\/span><\/p>\n<p><span style=\"font-weight: 400;\">Cette technique ne g\u00e9n\u00e8re aucune chute d\u2019isolant. Seuls les emballages devront \u00eatre rapport\u00e9s chez un distributeur assurant la collecte des d\u00e9chets non dangereux non inertes en d\u00e9ch\u00e8terie ou sur les plateformes de tri des d\u00e9chets issus du b\u00e2timent.<\/span><\/p>\n<p>\u00a0<\/p>\n<p>\u00a0<\/p>\t\t\t\t\t\t<\/div>\n\t\t\t\t<\/div>\n\t\t\t\t\t<\/div>\n\t\t<\/div>\n\t\t\t\t\t\t\t<\/div>\n\t\t<\/section>\n\t\t\t\t\t\t<\/div>\n\t\t\t\t\t<\/div>\n\t\t","protected":false},"excerpt":{"rendered":"<p>\u00a0 \u00a0 \u00a0 Catalogue produits HVAC ROCKWOOL catalogue Public 2017 isolation des installations techniques dans les b\u00e2timents www.batifix-dz.com: certaines \u00e9paisseurs peuvent ne pas \u00eatre en catalogue. Par ailleurs, la temp\u00e9rature [&hellip;]<\/p>\n","protected":false},"author":1,"featured_media":0,"parent":3124,"menu_order":0,"comment_status":"closed","ping_status":"closed","template":"","meta":{"footnotes":""},"class_list":["post-11856","page","type-page","status-publish","hentry"],"_links":{"self":[{"href":"https:\/\/batifix-dz.com\/index.php\/wp-json\/wp\/v2\/pages\/11856","targetHints":{"allow":["GET"]}}],"collection":[{"href":"https:\/\/batifix-dz.com\/index.php\/wp-json\/wp\/v2\/pages"}],"about":[{"href":"https:\/\/batifix-dz.com\/index.php\/wp-json\/wp\/v2\/types\/page"}],"author":[{"embeddable":true,"href":"https:\/\/batifix-dz.com\/index.php\/wp-json\/wp\/v2\/users\/1"}],"replies":[{"embeddable":true,"href":"https:\/\/batifix-dz.com\/index.php\/wp-json\/wp\/v2\/comments?post=11856"}],"version-history":[{"count":18,"href":"https:\/\/batifix-dz.com\/index.php\/wp-json\/wp\/v2\/pages\/11856\/revisions"}],"predecessor-version":[{"id":13371,"href":"https:\/\/batifix-dz.com\/index.php\/wp-json\/wp\/v2\/pages\/11856\/revisions\/13371"}],"up":[{"embeddable":true,"href":"https:\/\/batifix-dz.com\/index.php\/wp-json\/wp\/v2\/pages\/3124"}],"wp:attachment":[{"href":"https:\/\/batifix-dz.com\/index.php\/wp-json\/wp\/v2\/media?parent=11856"}],"curies":[{"name":"wp","href":"https:\/\/api.w.org\/{rel}","templated":true}]}}